{"id":1109,"date":"2025-09-13T16:20:07","date_gmt":"2025-09-13T16:20:07","guid":{"rendered":"https:\/\/www.anvp.cl\/?page_id=1109"},"modified":"2025-10-02T16:20:04","modified_gmt":"2025-10-02T16:20:04","slug":"areas-de-practica","status":"publish","type":"page","link":"https:\/\/www.anvp.cl\/en\/areas-de-practica\/","title":{"rendered":"Practice areas"},"content":{"rendered":"<div class=\"wp-block-media-text alignwide has-media-on-the-right is-stacked-on-mobile\"><div class=\"wp-block-media-text__content\">\n<h2 class=\"wp-block-heading\"><strong>I<\/strong>NMOBILIARIO<\/h2>\n\n\n\n<blockquote class=\"wp-block-quote is-layout-flow wp-block-quote-is-layout-flow\">\n<p>Prestamos asesor\u00eda en una variedad de asuntos inmobiliarios, incluyendo adquisici\u00f3n y venta de inmuebles, desarrollo de esquemas de arrendamiento de largo plazo, problemas registrales, negociaci\u00f3n de servidumbres voluntarias, imposici\u00f3n de servidumbres forzosas y procesos de expropiaci\u00f3n. Adem\u00e1s, tenemos amplia experiencia en juicios inmobiliarios y de construcci\u00f3n.<\/p>\n<\/blockquote>\n<\/div><figure class=\"wp-block-media-text__media\"><img loading=\"lazy\" decoding=\"async\" width=\"640\" height=\"333\" src=\"https:\/\/www.anvp.cl\/wp-content\/uploads\/2025\/09\/Inmobiliario.png\" alt=\"\" class=\"wp-image-1110 size-full\" srcset=\"https:\/\/www.anvp.cl\/wp-content\/uploads\/2025\/09\/Inmobiliario.png 640w, https:\/\/www.anvp.cl\/wp-content\/uploads\/2025\/09\/Inmobiliario-300x156.png 300w, https:\/\/www.anvp.cl\/wp-content\/uploads\/2025\/09\/Inmobiliario-18x9.png 18w, https:\/\/www.anvp.cl\/wp-content\/uploads\/2025\/09\/Inmobiliario-520x271.png 520w, https:\/\/www.anvp.cl\/wp-content\/uploads\/2025\/09\/Inmobiliario-360x187.png 360w, https:\/\/www.anvp.cl\/wp-content\/uploads\/2025\/09\/Inmobiliario-250x130.png 250w, https:\/\/www.anvp.cl\/wp-content\/uploads\/2025\/09\/Inmobiliario-100x52.png 100w\" sizes=\"auto, (max-width: 640px) 100vw, 640px\" \/><\/figure><\/div>\n\n\n\n<div class=\"wp-block-media-text alignwide is-stacked-on-mobile\"><figure class=\"wp-block-media-text__media\"><img loading=\"lazy\" decoding=\"async\" width=\"640\" height=\"333\" src=\"https:\/\/www.anvp.cl\/wp-content\/uploads\/2025\/09\/Patrimonios-familiaries.png\" alt=\"\" class=\"wp-image-1111 size-full\" srcset=\"https:\/\/www.anvp.cl\/wp-content\/uploads\/2025\/09\/Patrimonios-familiaries.png 640w, https:\/\/www.anvp.cl\/wp-content\/uploads\/2025\/09\/Patrimonios-familiaries-300x156.png 300w, https:\/\/www.anvp.cl\/wp-content\/uploads\/2025\/09\/Patrimonios-familiaries-18x9.png 18w, https:\/\/www.anvp.cl\/wp-content\/uploads\/2025\/09\/Patrimonios-familiaries-520x271.png 520w, https:\/\/www.anvp.cl\/wp-content\/uploads\/2025\/09\/Patrimonios-familiaries-360x187.png 360w, https:\/\/www.anvp.cl\/wp-content\/uploads\/2025\/09\/Patrimonios-familiaries-250x130.png 250w, https:\/\/www.anvp.cl\/wp-content\/uploads\/2025\/09\/Patrimonios-familiaries-100x52.png 100w\" sizes=\"auto, (max-width: 640px) 100vw, 640px\" \/><\/figure><div class=\"wp-block-media-text__content\">\n<h2 class=\"wp-block-heading\">PATRIMONIOS FAMILIARES<\/h2>\n\n\n\n<blockquote class=\"wp-block-quote is-layout-flow wp-block-quote-is-layout-flow\">\n<p>Prestamos asesor\u00eda jur\u00eddica en la estructuraci\u00f3n y transmisi\u00f3n intergeneracional de patrimonios familiares. Adoptamos una perspectiva integral que abarca aspectos sucesorios, tributarios, inmobiliarios y contractuales, as\u00ed como el acompa\u00f1amiento en procesos de negociaci\u00f3n orientados a alcanzar acuerdos que armonicen intereses divergentes entre los miembros de una misma familia.<\/p>\n<\/blockquote>\n<\/div><\/div>\n\n\n\n<div class=\"wp-block-media-text alignwide has-media-on-the-right is-stacked-on-mobile\"><div class=\"wp-block-media-text__content\">\n<h2 class=\"wp-block-heading\">DERECHO TRIBUTARIO<\/h2>\n\n\n\n<blockquote class=\"wp-block-quote is-layout-flow wp-block-quote-is-layout-flow\">\n<p>Asesoramos a empresas y personas naturales respecto de planificaciones tributarias, inversiones transfronterizas y tributaci\u00f3n internacional. Adem\u00e1s representamos clientes en juicios y reclamaciones tributarias.<\/p>\n<\/blockquote>\n<\/div><figure class=\"wp-block-media-text__media\"><img loading=\"lazy\" decoding=\"async\" width=\"640\" height=\"333\" src=\"https:\/\/www.anvp.cl\/wp-content\/uploads\/2025\/09\/Derecho-tributario.png\" alt=\"\" class=\"wp-image-1112 size-full\" srcset=\"https:\/\/www.anvp.cl\/wp-content\/uploads\/2025\/09\/Derecho-tributario.png 640w, https:\/\/www.anvp.cl\/wp-content\/uploads\/2025\/09\/Derecho-tributario-300x156.png 300w, https:\/\/www.anvp.cl\/wp-content\/uploads\/2025\/09\/Derecho-tributario-18x9.png 18w, https:\/\/www.anvp.cl\/wp-content\/uploads\/2025\/09\/Derecho-tributario-520x271.png 520w, https:\/\/www.anvp.cl\/wp-content\/uploads\/2025\/09\/Derecho-tributario-360x187.png 360w, https:\/\/www.anvp.cl\/wp-content\/uploads\/2025\/09\/Derecho-tributario-250x130.png 250w, https:\/\/www.anvp.cl\/wp-content\/uploads\/2025\/09\/Derecho-tributario-100x52.png 100w\" sizes=\"auto, (max-width: 640px) 100vw, 640px\" \/><\/figure><\/div>\n\n\n\n<div class=\"wp-block-media-text alignwide is-stacked-on-mobile\"><figure class=\"wp-block-media-text__media\"><img loading=\"lazy\" decoding=\"async\" width=\"640\" height=\"333\" src=\"https:\/\/www.anvp.cl\/wp-content\/uploads\/2025\/09\/Astronomico.png\" alt=\"\" class=\"wp-image-1113 size-full\" srcset=\"https:\/\/www.anvp.cl\/wp-content\/uploads\/2025\/09\/Astronomico.png 640w, https:\/\/www.anvp.cl\/wp-content\/uploads\/2025\/09\/Astronomico-300x156.png 300w, https:\/\/www.anvp.cl\/wp-content\/uploads\/2025\/09\/Astronomico-18x9.png 18w, https:\/\/www.anvp.cl\/wp-content\/uploads\/2025\/09\/Astronomico-520x271.png 520w, https:\/\/www.anvp.cl\/wp-content\/uploads\/2025\/09\/Astronomico-360x187.png 360w, https:\/\/www.anvp.cl\/wp-content\/uploads\/2025\/09\/Astronomico-250x130.png 250w, https:\/\/www.anvp.cl\/wp-content\/uploads\/2025\/09\/Astronomico-100x52.png 100w\" sizes=\"auto, (max-width: 640px) 100vw, 640px\" \/><\/figure><div class=\"wp-block-media-text__content\">\n<h2 class=\"wp-block-heading\"> ASTRONOM\u00cdA<\/h2>\n\n\n\n<blockquote class=\"wp-block-quote is-layout-flow wp-block-quote-is-layout-flow\">\n<p>Prestamos asesor\u00eda legal integral para la instalaci\u00f3n, construcci\u00f3n y operaci\u00f3n de observatorios astron\u00f3micos en Chile bajo el r\u00e9gimen de derecho internacional p\u00fablico ESO-CEPAL. Nuestra experiencia abarca desde la negociaci\u00f3n del estatus legal de los observatorios con el Estado de Chile hasta el apoyo en la obtenci\u00f3n de permisos, protecci\u00f3n de proyectos mineros y relacionamiento con comunidades.<\/p>\n<\/blockquote>\n<\/div><\/div>\n\n\n\n<div class=\"wp-block-media-text alignwide has-media-on-the-right is-stacked-on-mobile\"><div class=\"wp-block-media-text__content\">\n<h2 class=\"wp-block-heading\">ASESOR\u00cdA CORPORATIVA Y CONTRACTUAL<\/h2>\n\n\n\n<blockquote class=\"wp-block-quote is-layout-flow wp-block-quote-is-layout-flow\">\n<p>Brindamos asesor\u00eda general y especializada en materias corporativas y contractuales. Nuestra pr\u00e1ctica general abarca la constituci\u00f3n y reestructuraci\u00f3n de sociedades, la instalaci\u00f3n de empresas extranjeras en Chile y la elaboraci\u00f3n de contratos a medida, adaptados a los intereses de nuestros clientes. La asesor\u00eda especializada est\u00e1 dirigida, en particular, a equipos legales internos de empresas y a otros estudios jur\u00eddicos que enfrentan desaf\u00edos de alta complejidad, tales como el cierre de fondos de inversi\u00f3n, los efectos en Chile de trusts constituidos en el extranjero, el cumplimiento de deberes fiduciarios y el dise\u00f1o de estructuras contractuales complejas.<\/p>\n<\/blockquote>\n<\/div><figure class=\"wp-block-media-text__media\"><img loading=\"lazy\" decoding=\"async\" width=\"640\" height=\"333\" src=\"https:\/\/www.anvp.cl\/wp-content\/uploads\/2025\/09\/Contratos.png\" alt=\"\" class=\"wp-image-1114 size-full\" srcset=\"https:\/\/www.anvp.cl\/wp-content\/uploads\/2025\/09\/Contratos.png 640w, https:\/\/www.anvp.cl\/wp-content\/uploads\/2025\/09\/Contratos-300x156.png 300w, https:\/\/www.anvp.cl\/wp-content\/uploads\/2025\/09\/Contratos-18x9.png 18w, https:\/\/www.anvp.cl\/wp-content\/uploads\/2025\/09\/Contratos-520x271.png 520w, https:\/\/www.anvp.cl\/wp-content\/uploads\/2025\/09\/Contratos-360x187.png 360w, https:\/\/www.anvp.cl\/wp-content\/uploads\/2025\/09\/Contratos-250x130.png 250w, https:\/\/www.anvp.cl\/wp-content\/uploads\/2025\/09\/Contratos-100x52.png 100w\" sizes=\"auto, (max-width: 640px) 100vw, 640px\" \/><\/figure><\/div>\n\n\n\n<div class=\"wp-block-media-text alignwide is-stacked-on-mobile\"><figure class=\"wp-block-media-text__media\"><img loading=\"lazy\" decoding=\"async\" width=\"640\" height=\"333\" src=\"https:\/\/www.anvp.cl\/wp-content\/uploads\/2025\/09\/Resolucion-de-conflictos.png\" alt=\"\" class=\"wp-image-1115 size-full\" srcset=\"https:\/\/www.anvp.cl\/wp-content\/uploads\/2025\/09\/Resolucion-de-conflictos.png 640w, https:\/\/www.anvp.cl\/wp-content\/uploads\/2025\/09\/Resolucion-de-conflictos-300x156.png 300w, https:\/\/www.anvp.cl\/wp-content\/uploads\/2025\/09\/Resolucion-de-conflictos-18x9.png 18w, https:\/\/www.anvp.cl\/wp-content\/uploads\/2025\/09\/Resolucion-de-conflictos-520x271.png 520w, https:\/\/www.anvp.cl\/wp-content\/uploads\/2025\/09\/Resolucion-de-conflictos-360x187.png 360w, https:\/\/www.anvp.cl\/wp-content\/uploads\/2025\/09\/Resolucion-de-conflictos-250x130.png 250w, https:\/\/www.anvp.cl\/wp-content\/uploads\/2025\/09\/Resolucion-de-conflictos-100x52.png 100w\" sizes=\"auto, (max-width: 640px) 100vw, 640px\" \/><\/figure><div class=\"wp-block-media-text__content\">\n<h2 class=\"wp-block-heading\">RESOLUCI\u00d3N DE DISPUTAS<\/h2>\n\n\n\n<blockquote class=\"wp-block-quote is-layout-flow wp-block-quote-is-layout-flow\">\n<p>Contamos con amplia experiencia en litigios civiles, arbitrajes y mecanismos alternativos de resoluci\u00f3n de conflictos. Hemos representado exitosamente a clientes en disputas contractuales, inmobiliarias, societarias, hereditarias, de construcci\u00f3n, mineras y expropiatorias. Adem\u00e1s, disponemos de redes profesionales consolidadas que nos permiten ofrecer una asesor\u00eda integral en todas las etapas y dimensiones de una disputa.<\/p>\n<\/blockquote>\n<\/div><\/div>\n\n\n\n<p><\/p>","protected":false},"excerpt":{"rendered":"","protected":false},"author":1,"featured_media":0,"parent":0,"menu_order":0,"comment_status":"closed","ping_status":"closed","template":"page-templates\/page_builder.php","meta":{"footnotes":""},"class_list":["post-1109","page","type-page","status-publish","hentry","clearfix"],"_links":{"self":[{"href":"https:\/\/www.anvp.cl\/en\/wp-json\/wp\/v2\/pages\/1109","targetHints":{"allow":["GET"]}}],"collection":[{"href":"https:\/\/www.anvp.cl\/en\/wp-json\/wp\/v2\/pages"}],"about":[{"href":"https:\/\/www.anvp.cl\/en\/wp-json\/wp\/v2\/types\/page"}],"author":[{"embeddable":true,"href":"https:\/\/www.anvp.cl\/en\/wp-json\/wp\/v2\/users\/1"}],"replies":[{"embeddable":true,"href":"https:\/\/www.anvp.cl\/en\/wp-json\/wp\/v2\/comments?post=1109"}],"version-history":[{"count":2,"href":"https:\/\/www.anvp.cl\/en\/wp-json\/wp\/v2\/pages\/1109\/revisions"}],"predecessor-version":[{"id":1121,"href":"https:\/\/www.anvp.cl\/en\/wp-json\/wp\/v2\/pages\/1109\/revisions\/1121"}],"wp:attachment":[{"href":"https:\/\/www.anvp.cl\/en\/wp-json\/wp\/v2\/media?parent=1109"}],"curies":[{"name":"wp","href":"https:\/\/api.w.org\/{rel}","templated":true}]}}