{"id":533,"date":"2021-09-23T22:39:00","date_gmt":"2021-09-23T22:39:00","guid":{"rendered":"https:\/\/www.anvp.cl\/?page_id=533"},"modified":"2022-05-05T14:59:24","modified_gmt":"2022-05-05T14:59:24","slug":"industrias","status":"publish","type":"page","link":"https:\/\/www.anvp.cl\/en\/industrias\/","title":{"rendered":"Industry"},"content":{"rendered":"<div class=\"wp-block-media-text alignwide has-media-on-the-right is-stacked-on-mobile\"><figure class=\"wp-block-media-text__media\"><img loading=\"lazy\" decoding=\"async\" width=\"640\" height=\"333\" src=\"https:\/\/www.anvp.cl\/wp-content\/uploads\/2021\/09\/empresa-familiar.png\" alt=\"\" class=\"wp-image-646 size-full\" srcset=\"https:\/\/www.anvp.cl\/wp-content\/uploads\/2021\/09\/empresa-familiar.png 640w, https:\/\/www.anvp.cl\/wp-content\/uploads\/2021\/09\/empresa-familiar-300x156.png 300w, https:\/\/www.anvp.cl\/wp-content\/uploads\/2021\/09\/empresa-familiar-520x271.png 520w, https:\/\/www.anvp.cl\/wp-content\/uploads\/2021\/09\/empresa-familiar-360x187.png 360w, https:\/\/www.anvp.cl\/wp-content\/uploads\/2021\/09\/empresa-familiar-250x130.png 250w, https:\/\/www.anvp.cl\/wp-content\/uploads\/2021\/09\/empresa-familiar-100x52.png 100w\" sizes=\"auto, (max-width: 640px) 100vw, 640px\" \/><\/figure><div class=\"wp-block-media-text__content\">\n<h2 class=\"wp-block-heading\"><strong>Family Business and Wills<\/strong><\/h2>\n\n\n\n<blockquote class=\"wp-block-quote is-layout-flow wp-block-quote-is-layout-flow\"><p>We provide comprehensive legal advice to estates and family businesses with investments and operations in sectors such as manufacturing, agribusiness, renewable energy, transportation and real estate. Our work includes the design of corporate structures, tax advice, cross-border issues, intergenerational transfer of assets and advice on the day-to-day business.<\/p><\/blockquote>\n<\/div><\/div>\n\n\n\n<div class=\"wp-block-media-text alignwide is-stacked-on-mobile\"><figure class=\"wp-block-media-text__media\"><img loading=\"lazy\" decoding=\"async\" width=\"640\" height=\"333\" src=\"https:\/\/www.anvp.cl\/wp-content\/uploads\/2021\/09\/inmobiliaria-.png\" alt=\"\" class=\"wp-image-652 size-full\" srcset=\"https:\/\/www.anvp.cl\/wp-content\/uploads\/2021\/09\/inmobiliaria-.png 640w, https:\/\/www.anvp.cl\/wp-content\/uploads\/2021\/09\/inmobiliaria--300x156.png 300w, https:\/\/www.anvp.cl\/wp-content\/uploads\/2021\/09\/inmobiliaria--520x271.png 520w, https:\/\/www.anvp.cl\/wp-content\/uploads\/2021\/09\/inmobiliaria--360x187.png 360w, https:\/\/www.anvp.cl\/wp-content\/uploads\/2021\/09\/inmobiliaria--250x130.png 250w, https:\/\/www.anvp.cl\/wp-content\/uploads\/2021\/09\/inmobiliaria--100x52.png 100w\" sizes=\"auto, (max-width: 640px) 100vw, 640px\" \/><\/figure><div class=\"wp-block-media-text__content\">\n<h2 class=\"wp-block-heading\">Real Estate<\/h2>\n\n\n\n<blockquote class=\"wp-block-quote is-layout-flow wp-block-quote-is-layout-flow\"><p>Our legal practice includes contractual, corporate, tax and regulatory advice on real estate, as well as representation in dispute resolution. We advise clients operating in a variety of real estate markets, including social housing, recreational, commercial and infrastructure projects. We also support our clients in their contractual relationship with third parties installing and operating infrastructure on their land, especially, energy generation and motor vehicle inspection plants.<\/p><\/blockquote>\n<\/div><\/div>\n\n\n\n<div class=\"wp-block-media-text alignwide has-media-on-the-right is-stacked-on-mobile\"><figure class=\"wp-block-media-text__media\"><img loading=\"lazy\" decoding=\"async\" width=\"640\" height=\"333\" src=\"https:\/\/www.anvp.cl\/wp-content\/uploads\/2021\/09\/observatorio-.png\" alt=\"\" class=\"wp-image-651 size-full\" srcset=\"https:\/\/www.anvp.cl\/wp-content\/uploads\/2021\/09\/observatorio-.png 640w, https:\/\/www.anvp.cl\/wp-content\/uploads\/2021\/09\/observatorio--300x156.png 300w, https:\/\/www.anvp.cl\/wp-content\/uploads\/2021\/09\/observatorio--520x271.png 520w, https:\/\/www.anvp.cl\/wp-content\/uploads\/2021\/09\/observatorio--360x187.png 360w, https:\/\/www.anvp.cl\/wp-content\/uploads\/2021\/09\/observatorio--250x130.png 250w, https:\/\/www.anvp.cl\/wp-content\/uploads\/2021\/09\/observatorio--100x52.png 100w\" sizes=\"auto, (max-width: 640px) 100vw, 640px\" \/><\/figure><div class=\"wp-block-media-text__content\">\n<h2 class=\"wp-block-heading\">Astronomical Observatories<\/h2>\n\n\n\n<blockquote class=\"wp-block-quote is-layout-flow wp-block-quote-is-layout-flow\"><p>We have provided legal advice in connection with the installation, construction and operation of astronomical observatories under the (ESO-CEPAL) jurisdictional immunity statute, including the negotiation of the observatory legal status with the Ministries of Foreign Affairs and National Assets, as well as with ANID, before, CONICYT. Among other activities, we support clients in obtaining permits and protection from mining projects, in the provision of electricity to their facilities and in their relationship with the communities who live in the places where they are located.<\/p><\/blockquote>\n<\/div><\/div>\n\n\n\n<div class=\"wp-block-media-text alignwide is-stacked-on-mobile\"><figure class=\"wp-block-media-text__media\"><img loading=\"lazy\" decoding=\"async\" width=\"640\" height=\"333\" src=\"https:\/\/www.anvp.cl\/wp-content\/uploads\/2021\/09\/mineria.png\" alt=\"\" class=\"wp-image-649 size-full\" srcset=\"https:\/\/www.anvp.cl\/wp-content\/uploads\/2021\/09\/mineria.png 640w, https:\/\/www.anvp.cl\/wp-content\/uploads\/2021\/09\/mineria-300x156.png 300w, https:\/\/www.anvp.cl\/wp-content\/uploads\/2021\/09\/mineria-520x271.png 520w, https:\/\/www.anvp.cl\/wp-content\/uploads\/2021\/09\/mineria-360x187.png 360w, https:\/\/www.anvp.cl\/wp-content\/uploads\/2021\/09\/mineria-250x130.png 250w, https:\/\/www.anvp.cl\/wp-content\/uploads\/2021\/09\/mineria-100x52.png 100w\" sizes=\"auto, (max-width: 640px) 100vw, 640px\" \/><\/figure><div class=\"wp-block-media-text__content\">\n<h2 class=\"wp-block-heading\">Mining<\/h2>\n\n\n\n<blockquote class=\"wp-block-quote is-layout-flow wp-block-quote-is-layout-flow\"><p>We advise mining companies and suppliers on a wide range of matters, including obtaining and maintaining mining property; due diligence on mining property; imposing or avoiding mining easements; and contractual matters related to the provision of equipment and services to the mining industry. In addition, we have rendered legal opinions on mining law issues.<\/p><\/blockquote>\n<\/div><\/div>","protected":false},"excerpt":{"rendered":"<p>PATRIMONIOS Y EMPRESAS FAMILIARES Prestamos asesor\u00eda integral a patrimonios y empresas familiares con inversiones y operaciones en sectores como manufactura, agroindustria, energ\u00eda renovable, transporte e inmobiliario. Nuestro trabajo en este sector incluye dise\u00f1o de estructuras corporativas, asesor\u00eda tributaria, aspectos internacionales, [&hellip;]<\/p>\n","protected":false},"author":1,"featured_media":0,"parent":0,"menu_order":0,"comment_status":"closed","ping_status":"closed","template":"page-templates\/page_builder.php","meta":{"footnotes":""},"class_list":["post-533","page","type-page","status-publish","hentry","clearfix"],"_links":{"self":[{"href":"https:\/\/www.anvp.cl\/en\/wp-json\/wp\/v2\/pages\/533","targetHints":{"allow":["GET"]}}],"collection":[{"href":"https:\/\/www.anvp.cl\/en\/wp-json\/wp\/v2\/pages"}],"about":[{"href":"https:\/\/www.anvp.cl\/en\/wp-json\/wp\/v2\/types\/page"}],"author":[{"embeddable":true,"href":"https:\/\/www.anvp.cl\/en\/wp-json\/wp\/v2\/users\/1"}],"replies":[{"embeddable":true,"href":"https:\/\/www.anvp.cl\/en\/wp-json\/wp\/v2\/comments?post=533"}],"version-history":[{"count":9,"href":"https:\/\/www.anvp.cl\/en\/wp-json\/wp\/v2\/pages\/533\/revisions"}],"predecessor-version":[{"id":855,"href":"https:\/\/www.anvp.cl\/en\/wp-json\/wp\/v2\/pages\/533\/revisions\/855"}],"wp:attachment":[{"href":"https:\/\/www.anvp.cl\/en\/wp-json\/wp\/v2\/media?parent=533"}],"curies":[{"name":"wp","href":"https:\/\/api.w.org\/{rel}","templated":true}]}}