{"id":622,"date":"2021-09-29T14:18:06","date_gmt":"2021-09-29T14:18:06","guid":{"rendered":"https:\/\/www.anvp.cl\/?page_id=622"},"modified":"2025-09-12T19:44:52","modified_gmt":"2025-09-12T19:44:52","slug":"alvaro-gonzalez-espinoza","status":"publish","type":"page","link":"https:\/\/www.anvp.cl\/en\/alvaro-gonzalez-espinoza\/","title":{"rendered":"\u00c1lvaro Gonz\u00e1lez E."},"content":{"rendered":"<p><strong>Associate<\/strong><\/p>\n\n\n\n<p>Concentra su ejercicio profesional en la resoluci\u00f3n de controversias. Ha participado en mecanismos de resoluci\u00f3n alternativa de conflictos, arbitrajes y litigios relacionados con materias de construcci\u00f3n, derecho inmobiliario, societario y contractual. Asimismo, ha asesorado en procesos de reorganizaci\u00f3n de patrimonios familiares, reestructuraciones corporativas y&nbsp;<em>due diligence<\/em>. En el \u00e1mbito acad\u00e9mico, se desempe\u00f1a como ayudante del Departamento de Derecho Procesal de la Universidad de Chile.<\/p>\n\n\n\n<p><strong>Formaci\u00f3n<\/strong><\/p>\n\n\n\n<ul class=\"wp-block-list\">\n<li>Candidate for a Masters in Law, University of Chile (2022)<\/li>\n\n\n\n<li>Diploma on Civil Liability, University of Chile (2021)<\/li>\n\n\n\n<li>Lawyer, Universidad de Chile (2021)<\/li>\n<\/ul>\n\n\n\n<p><strong>Principales \u00e1reas de pr\u00e1ctica<\/strong><\/p>\n\n\n\n<ul class=\"wp-block-list\">\n<li>Resoluci\u00f3n de disputas<\/li>\n\n\n\n<li>Asesor\u00eda corporativa y contractual<\/li>\n\n\n\n<li>Inmobiliario<\/li>\n<\/ul>\n\n\n\n<p><strong>Contact<\/strong><\/p>\n\n\n\n<p><a href=\"mailto:agonzalez@anvp.cl\">agonzalez@anvp.cl<\/a><\/p>\n\n\n\n<p><meta charset=\"utf-8\"><\/p>\n\n\n\n<p><\/p>","protected":false},"excerpt":{"rendered":"<p>Asociado Concentra su ejercicio profesional en la resoluci\u00f3n de controversias. Ha participado en mecanismos de resoluci\u00f3n alternativa de conflictos, arbitrajes y litigios relacionados con materias de construcci\u00f3n, derecho inmobiliario, societario y contractual. Asimismo, ha asesorado en procesos de reorganizaci\u00f3n de [&hellip;]<\/p>\n","protected":false},"author":1,"featured_media":907,"parent":0,"menu_order":7,"comment_status":"closed","ping_status":"closed","template":"page-templates\/single-employee.php","meta":{"footnotes":""},"class_list":["post-622","page","type-page","status-publish","has-post-thumbnail","hentry","clearfix"],"_links":{"self":[{"href":"https:\/\/www.anvp.cl\/en\/wp-json\/wp\/v2\/pages\/622","targetHints":{"allow":["GET"]}}],"collection":[{"href":"https:\/\/www.anvp.cl\/en\/wp-json\/wp\/v2\/pages"}],"about":[{"href":"https:\/\/www.anvp.cl\/en\/wp-json\/wp\/v2\/types\/page"}],"author":[{"embeddable":true,"href":"https:\/\/www.anvp.cl\/en\/wp-json\/wp\/v2\/users\/1"}],"replies":[{"embeddable":true,"href":"https:\/\/www.anvp.cl\/en\/wp-json\/wp\/v2\/comments?post=622"}],"version-history":[{"count":10,"href":"https:\/\/www.anvp.cl\/en\/wp-json\/wp\/v2\/pages\/622\/revisions"}],"predecessor-version":[{"id":1105,"href":"https:\/\/www.anvp.cl\/en\/wp-json\/wp\/v2\/pages\/622\/revisions\/1105"}],"wp:featuredmedia":[{"embeddable":true,"href":"https:\/\/www.anvp.cl\/en\/wp-json\/wp\/v2\/media\/907"}],"wp:attachment":[{"href":"https:\/\/www.anvp.cl\/en\/wp-json\/wp\/v2\/media?parent=622"}],"curies":[{"name":"wp","href":"https:\/\/api.w.org\/{rel}","templated":true}]}}